{"id":7807,"date":"2024-06-17T18:26:46","date_gmt":"2024-06-17T16:26:46","guid":{"rendered":"https:\/\/www.54eleven.com\/tym\/"},"modified":"2024-11-25T10:20:08","modified_gmt":"2024-11-25T09:20:08","slug":"tym","status":"publish","type":"page","link":"https:\/\/www.54eleven.com\/cs\/tym\/","title":{"rendered":"T\u00fdm"},"content":{"rendered":"\n<style type=\"text\/css\" data-created_by=\"avia_inline_auto\" id=\"style-css-av-mjb6n-5024bfad3a841a9d342c07ccc36f5c5a\">\n#top .av-special-heading.av-mjb6n-5024bfad3a841a9d342c07ccc36f5c5a{\npadding-bottom:50px;\n}\nbody .av-special-heading.av-mjb6n-5024bfad3a841a9d342c07ccc36f5c5a .av-special-heading-tag .heading-char{\nfont-size:25px;\n}\n.av-special-heading.av-mjb6n-5024bfad3a841a9d342c07ccc36f5c5a .av-subheading{\nfont-size:15px;\n}\n<\/style>\n<div  class='av-special-heading av-mjb6n-5024bfad3a841a9d342c07ccc36f5c5a av-special-heading-h2  avia-builder-el-0  el_before_av_one_half  avia-builder-el-first '><h2 class='av-special-heading-tag '  >54\/11 T\u00fdmov\u00e1 hra<\/h2><div class=\"special-heading-border\"><div class=\"special-heading-inner-border\"><\/div><\/div><\/div>\n\n<style type=\"text\/css\" data-created_by=\"avia_inline_auto\" id=\"style-css-av-7dofr-be4d3f361b7b76bd286bf2d21d5a919e\">\n.flex_column.av-7dofr-be4d3f361b7b76bd286bf2d21d5a919e{\nborder-radius:0px 0px 0px 0px;\npadding:0px 0px 0px 0px;\n}\n<\/style>\n<div  class='flex_column av-7dofr-be4d3f361b7b76bd286bf2d21d5a919e av_one_half  avia-builder-el-1  el_after_av_heading  el_before_av_one_half  first flex_column_div av-zero-column-padding  '     ><p>\n<style type=\"text\/css\" data-created_by=\"avia_inline_auto\" id=\"style-css-av-jyo7ovib-4-7a832e4d5fa791ec8ed3e670a7006076\">\n.avia-image-container.av-jyo7ovib-4-7a832e4d5fa791ec8ed3e670a7006076 img.avia_image{\nbox-shadow:none;\n}\n.avia-image-container.av-jyo7ovib-4-7a832e4d5fa791ec8ed3e670a7006076 .av-image-caption-overlay-center{\ncolor:#ffffff;\n}\n<\/style>\n<div  class='avia-image-container av-jyo7ovib-4-7a832e4d5fa791ec8ed3e670a7006076 av-styling- avia-align-center  avia-builder-el-2  el_before_av_heading  avia-builder-el-first '  ><div class=\"avia-image-container-inner\"><div class=\"avia-image-overlay-wrap\"><img class='avia_image ' src='https:\/\/www.54eleven.com\/wp-content\/uploads\/2024\/11\/zdenek.jpg' alt='' title='Zdenek'  height=\"800\" width=\"980\"  \/><\/div><\/div><\/div><br \/>\n\n<style type=\"text\/css\" data-created_by=\"avia_inline_auto\" id=\"style-css-av-8v2i7-004a6e1d0dfdbaf928a186ef6625056b\">\n#top .av-special-heading.av-8v2i7-004a6e1d0dfdbaf928a186ef6625056b{\npadding-bottom:10px;\n}\nbody .av-special-heading.av-8v2i7-004a6e1d0dfdbaf928a186ef6625056b .av-special-heading-tag .heading-char{\nfont-size:25px;\n}\n.av-special-heading.av-8v2i7-004a6e1d0dfdbaf928a186ef6625056b .av-subheading{\nfont-size:15px;\n}\n<\/style>\n<div  class='av-special-heading av-8v2i7-004a6e1d0dfdbaf928a186ef6625056b av-special-heading-h3  avia-builder-el-3  el_after_av_image  el_before_av_textblock '><h3 class='av-special-heading-tag '  >ZDENEK STYBAR<\/h3><div class=\"special-heading-border\"><div class=\"special-heading-inner-border\"><\/div><\/div><\/div><br \/>\n<section  class='av_textblock_section av-jyo7odpz-2-97dd922581877a36fc61522d371144dd '  ><div class='avia_textblock' ><p><strong>Spoluzakladatel<\/strong><\/p>\n<\/div><\/section><br \/>\n<section  class='av_textblock_section av-jyo7odpz-1-1d2e4bc1c4a801f4d768bc908fb25d7d '  ><div class='avia_textblock' ><p>Ahoj, jmenuji se Zden\u011bk a jsem r\u00e1d, \u017ee mohu b\u00fdt sou\u010d\u00e1st\u00ed rodiny 54\/11. Jako spoluzakladatel a b\u00fdval\u00fd profesion\u00e1ln\u00ed cyklista p\u0159in\u00e1\u0161\u00edm do na\u0161eho t\u00fdmu svou v\u00e1\u0161e\u0148 pro cyklistiku a profesion\u00e1ln\u00ed zku\u0161enosti. I kdy\u017e u\u017e nez\u00e1vod\u00edm, moje l\u00e1ska ke sportu je st\u00e1le stejn\u011b siln\u00e1 jako d\u0159\u00edv. Kdykoli jsem na Mallorce, <span lang=\"DE\">r\u00e1d se zastav\u00edm na n\u00e1dra\u017e\u00edch a <\/span><span lang=\"DE\">r\u00e1d se s v\u00e1mi \u010das od \u010dasu setk\u00e1m na n\u011bkter\u00e9 z m\u00fdch vyj\u00ed\u017ed\u011bk. <\/span> V\u011b\u0159\u00edm, \u017ee cyklistika nen\u00ed jen sport, ale zp\u016fsob, jak se spojit s p\u0159\u00edrodou a lidmi.<span lang=\"DE\">Poj\u010fme <\/span>si spole\u010dn\u011b vytvo\u0159it kr\u00e1sn\u00e9 vzpom\u00ednky a u\u017e\u00edt si n\u00e1dhern\u00e9 vyj\u00ed\u017e\u010fky, kter\u00e9 Mallorca nab\u00edz\u00ed!<\/p>\n<\/div><\/section><\/p><\/div>\n\n<style type=\"text\/css\" data-created_by=\"avia_inline_auto\" id=\"style-css-av-gbhbb-baea28cb32c955dfa6d45e07cec8d691\">\n.flex_column.av-gbhbb-baea28cb32c955dfa6d45e07cec8d691{\nborder-radius:0px 0px 0px 0px;\npadding:0px 0px 0px 0px;\n}\n<\/style>\n<div  class='flex_column av-gbhbb-baea28cb32c955dfa6d45e07cec8d691 av_one_half  avia-builder-el-6  el_after_av_one_half  el_before_av_one_third  flex_column_div av-zero-column-padding  '     ><p>\n<style type=\"text\/css\" data-created_by=\"avia_inline_auto\" id=\"style-css-av-m3vzz2qq-80d4f8352fdbe05f94885a9f807028e8\">\n.avia-image-container.av-m3vzz2qq-80d4f8352fdbe05f94885a9f807028e8 img.avia_image{\nbox-shadow:none;\n}\n.avia-image-container.av-m3vzz2qq-80d4f8352fdbe05f94885a9f807028e8 .av-image-caption-overlay-center{\ncolor:#ffffff;\n}\n<\/style>\n<div  class='avia-image-container av-m3vzz2qq-80d4f8352fdbe05f94885a9f807028e8 av-styling- avia-align-center  avia-builder-el-7  el_before_av_heading  avia-builder-el-first '  ><div class=\"avia-image-container-inner\"><div class=\"avia-image-overlay-wrap\"><img class='avia_image ' src='https:\/\/www.54eleven.com\/wp-content\/uploads\/2024\/11\/kerstinklier.jpg' alt='' title='KerstinKlier'  height=\"800\" width=\"980\"  \/><\/div><\/div><\/div><br \/>\n\n<style type=\"text\/css\" data-created_by=\"avia_inline_auto\" id=\"style-css-av-m3vzxwd5-e52ec1d5570ca5855a882b24ffa14dc3\">\n#top .av-special-heading.av-m3vzxwd5-e52ec1d5570ca5855a882b24ffa14dc3{\npadding-bottom:10px;\n}\nbody .av-special-heading.av-m3vzxwd5-e52ec1d5570ca5855a882b24ffa14dc3 .av-special-heading-tag .heading-char{\nfont-size:25px;\n}\n.av-special-heading.av-m3vzxwd5-e52ec1d5570ca5855a882b24ffa14dc3 .av-subheading{\nfont-size:15px;\n}\n<\/style>\n<div  class='av-special-heading av-m3vzxwd5-e52ec1d5570ca5855a882b24ffa14dc3 av-special-heading-h3  avia-builder-el-8  el_after_av_image  el_before_av_textblock  av-linked-heading'><h3 class='av-special-heading-tag '  >KERSTIN KLIER<\/h3><div class=\"special-heading-border\"><div class=\"special-heading-inner-border\"><\/div><\/div><\/div><br \/>\n<section  class='av_textblock_section av-m3vzy1go-aace0f61d2575832380b4ef835811632 '  ><div class='avia_textblock' ><p><strong>Spoluzakladatel<\/strong><\/p>\n<\/div><\/section><br \/>\n<section  class='av_textblock_section av-8eozz-9df1b448c276cb82eb38d4ce511f5fd1 '  ><div class='avia_textblock' ><\/div><\/section><\/p><\/div>\n\n<style type=\"text\/css\" data-created_by=\"avia_inline_auto\" id=\"style-css-av-eq26n-6b4ca7536cb9e6a962925f744b1e36d5\">\n.flex_column.av-eq26n-6b4ca7536cb9e6a962925f744b1e36d5{\nborder-radius:0px 0px 0px 0px;\npadding:0px 0px 0px 0px;\n}\n<\/style>\n<div  class='flex_column av-eq26n-6b4ca7536cb9e6a962925f744b1e36d5 av_one_third  avia-builder-el-11  el_after_av_one_half  el_before_av_one_third  first flex_column_div av-zero-column-padding  column-top-margin'     ><p>\n<style type=\"text\/css\" data-created_by=\"avia_inline_auto\" id=\"style-css-av-jyo7ovib-9766671f8b7d4886e285144316084a2f\">\n.avia-image-container.av-jyo7ovib-9766671f8b7d4886e285144316084a2f img.avia_image{\nbox-shadow:none;\n}\n.avia-image-container.av-jyo7ovib-9766671f8b7d4886e285144316084a2f .av-image-caption-overlay-center{\ncolor:#ffffff;\n}\n<\/style>\n<div  class='avia-image-container av-jyo7ovib-9766671f8b7d4886e285144316084a2f av-styling-circle avia-align-center  avia-builder-el-12  el_before_av_heading  avia-builder-el-first '  ><div class=\"avia-image-container-inner\"><div class=\"avia-image-overlay-wrap\"><img class='avia_image ' src='https:\/\/www.54eleven.com\/wp-content\/uploads\/2024\/11\/agustin-226x300.jpeg' alt='' title='Agustin'  height=\"300\" width=\"226\"  \/><\/div><\/div><\/div><br \/>\n\n<style type=\"text\/css\" data-created_by=\"avia_inline_auto\" id=\"style-css-av-hgfun-3e075b692d25d4e7de844aca426d2c54\">\n#top .av-special-heading.av-hgfun-3e075b692d25d4e7de844aca426d2c54{\npadding-bottom:10px;\n}\nbody .av-special-heading.av-hgfun-3e075b692d25d4e7de844aca426d2c54 .av-special-heading-tag .heading-char{\nfont-size:25px;\n}\n.av-special-heading.av-hgfun-3e075b692d25d4e7de844aca426d2c54 .av-subheading{\nfont-size:15px;\n}\n<\/style>\n<div  class='av-special-heading av-hgfun-3e075b692d25d4e7de844aca426d2c54 av-special-heading-h3 blockquote elegant-quote elegant-centered  avia-builder-el-13  el_after_av_image  avia-builder-el-last  av-linked-heading'><h3 class='av-special-heading-tag '  ><span class=\"heading-wrap\">AGUSTIN<\/span><\/h3><div class=\"special-heading-border\"><div class=\"special-heading-inner-border\"><\/div><\/div><\/div><\/p><\/div>\n<style type=\"text\/css\" data-created_by=\"avia_inline_auto\" id=\"style-css-av-pj8zj-8b33784d160d69aa6459bf00051deda4\">\n.flex_column.av-pj8zj-8b33784d160d69aa6459bf00051deda4{\nborder-radius:0px 0px 0px 0px;\npadding:0px 0px 0px 0px;\n}\n<\/style>\n<div  class='flex_column av-pj8zj-8b33784d160d69aa6459bf00051deda4 av_one_third  avia-builder-el-14  el_after_av_one_third  el_before_av_one_third  flex_column_div av-zero-column-padding  column-top-margin'     ><p>\n<style type=\"text\/css\" data-created_by=\"avia_inline_auto\" id=\"style-css-av-m3w07pfz-1ccf0f99740d6cd51d61d9af8beaecef\">\n.avia-image-container.av-m3w07pfz-1ccf0f99740d6cd51d61d9af8beaecef img.avia_image{\nbox-shadow:none;\n}\n.avia-image-container.av-m3w07pfz-1ccf0f99740d6cd51d61d9af8beaecef .av-image-caption-overlay-center{\ncolor:#ffffff;\n}\n<\/style>\n<div  class='avia-image-container av-m3w07pfz-1ccf0f99740d6cd51d61d9af8beaecef av-styling-circle avia-align-center  avia-builder-el-15  el_before_av_heading  avia-builder-el-first '  ><div class=\"avia-image-container-inner\"><div class=\"avia-image-overlay-wrap\"><img class='avia_image ' src='https:\/\/www.54eleven.com\/wp-content\/uploads\/2024\/11\/david-265x300.jpeg' alt='' title='David'  height=\"300\" width=\"265\"  \/><\/div><\/div><\/div><br \/>\n\n<style type=\"text\/css\" data-created_by=\"avia_inline_auto\" id=\"style-css-av-m3w07e9x-14bdc6ff07ad10e30f6333f1b81aa956\">\n#top .av-special-heading.av-m3w07e9x-14bdc6ff07ad10e30f6333f1b81aa956{\npadding-bottom:10px;\n}\nbody .av-special-heading.av-m3w07e9x-14bdc6ff07ad10e30f6333f1b81aa956 .av-special-heading-tag .heading-char{\nfont-size:25px;\n}\n.av-special-heading.av-m3w07e9x-14bdc6ff07ad10e30f6333f1b81aa956 .av-subheading{\nfont-size:15px;\n}\n<\/style>\n<div  class='av-special-heading av-m3w07e9x-14bdc6ff07ad10e30f6333f1b81aa956 av-special-heading-h3 blockquote elegant-quote elegant-centered  avia-builder-el-16  el_after_av_image  avia-builder-el-last  av-linked-heading'><h3 class='av-special-heading-tag '  ><span class=\"heading-wrap\">DAVID<\/span><\/h3><div class=\"special-heading-border\"><div class=\"special-heading-inner-border\"><\/div><\/div><\/div><\/p><\/div>\n<style type=\"text\/css\" data-created_by=\"avia_inline_auto\" id=\"style-css-av-kb3u7-f3671eab6895b752fde6cdf37449163e\">\n.flex_column.av-kb3u7-f3671eab6895b752fde6cdf37449163e{\nborder-radius:0px 0px 0px 0px;\npadding:0px 0px 0px 0px;\n}\n<\/style>\n<div  class='flex_column av-kb3u7-f3671eab6895b752fde6cdf37449163e av_one_third  avia-builder-el-17  el_after_av_one_third  el_before_av_one_third  flex_column_div av-zero-column-padding  column-top-margin'     ><p>\n<style type=\"text\/css\" data-created_by=\"avia_inline_auto\" id=\"style-css-av-m3w081op-98e8d4edf0eff165f824f062cf063f4e\">\n.avia-image-container.av-m3w081op-98e8d4edf0eff165f824f062cf063f4e img.avia_image{\nbox-shadow:none;\n}\n.avia-image-container.av-m3w081op-98e8d4edf0eff165f824f062cf063f4e .av-image-caption-overlay-center{\ncolor:#ffffff;\n}\n<\/style>\n<div  class='avia-image-container av-m3w081op-98e8d4edf0eff165f824f062cf063f4e av-styling-circle avia-align-center  avia-builder-el-18  el_before_av_heading  avia-builder-el-first '  ><div class=\"avia-image-container-inner\"><div class=\"avia-image-overlay-wrap\"><img class='avia_image ' src='https:\/\/www.54eleven.com\/wp-content\/uploads\/2024\/11\/fernando-225x300.jpeg' alt='' title='Fernando'  height=\"300\" width=\"225\"  \/><\/div><\/div><\/div><br \/>\n\n<style type=\"text\/css\" data-created_by=\"avia_inline_auto\" id=\"style-css-av-m3w086kg-0df97622011e5248c314701a6e41832a\">\n#top .av-special-heading.av-m3w086kg-0df97622011e5248c314701a6e41832a{\npadding-bottom:10px;\n}\nbody .av-special-heading.av-m3w086kg-0df97622011e5248c314701a6e41832a .av-special-heading-tag .heading-char{\nfont-size:25px;\n}\n.av-special-heading.av-m3w086kg-0df97622011e5248c314701a6e41832a .av-subheading{\nfont-size:15px;\n}\n<\/style>\n<div  class='av-special-heading av-m3w086kg-0df97622011e5248c314701a6e41832a av-special-heading-h3 blockquote elegant-quote elegant-centered  avia-builder-el-19  el_after_av_image  avia-builder-el-last  av-linked-heading'><h3 class='av-special-heading-tag '  ><span class=\"heading-wrap\">FERNANDO<\/span><\/h3><div class=\"special-heading-border\"><div class=\"special-heading-inner-border\"><\/div><\/div><\/div><\/p><\/div>\n<style type=\"text\/css\" data-created_by=\"avia_inline_auto\" id=\"style-css-av-f3l2f-acc28f953b2405156059354543ad7079\">\n.flex_column.av-f3l2f-acc28f953b2405156059354543ad7079{\nborder-radius:0px 0px 0px 0px;\npadding:0px 0px 0px 0px;\n}\n<\/style>\n<div  class='flex_column av-f3l2f-acc28f953b2405156059354543ad7079 av_one_third  avia-builder-el-20  el_after_av_one_third  el_before_av_one_third  first flex_column_div av-zero-column-padding  column-top-margin'     ><p>\n<style type=\"text\/css\" data-created_by=\"avia_inline_auto\" id=\"style-css-av-m3w08mac-5ea98a5892855c872ffd111a9bd2b6f5\">\n.avia-image-container.av-m3w08mac-5ea98a5892855c872ffd111a9bd2b6f5 img.avia_image{\nbox-shadow:none;\n}\n.avia-image-container.av-m3w08mac-5ea98a5892855c872ffd111a9bd2b6f5 .av-image-caption-overlay-center{\ncolor:#ffffff;\n}\n<\/style>\n<div  class='avia-image-container av-m3w08mac-5ea98a5892855c872ffd111a9bd2b6f5 av-styling-circle avia-align-center  avia-builder-el-21  el_before_av_heading  avia-builder-el-first '  ><div class=\"avia-image-container-inner\"><div class=\"avia-image-overlay-wrap\"><img class='avia_image ' src='https:\/\/www.54eleven.com\/wp-content\/uploads\/2024\/11\/jakub-225x300.jpeg' alt='' title='Jakub'  height=\"300\" width=\"225\"  \/><\/div><\/div><\/div><br \/>\n\n<style type=\"text\/css\" data-created_by=\"avia_inline_auto\" id=\"style-css-av-m3w08eln-864db17c8ae9da623e74ef194df732db\">\n#top .av-special-heading.av-m3w08eln-864db17c8ae9da623e74ef194df732db{\npadding-bottom:10px;\n}\nbody .av-special-heading.av-m3w08eln-864db17c8ae9da623e74ef194df732db .av-special-heading-tag .heading-char{\nfont-size:25px;\n}\n.av-special-heading.av-m3w08eln-864db17c8ae9da623e74ef194df732db .av-subheading{\nfont-size:15px;\n}\n<\/style>\n<div  class='av-special-heading av-m3w08eln-864db17c8ae9da623e74ef194df732db av-special-heading-h3 blockquote elegant-quote elegant-centered  avia-builder-el-22  el_after_av_image  avia-builder-el-last  av-linked-heading'><h3 class='av-special-heading-tag '  ><span class=\"heading-wrap\">JAKUB<\/span><\/h3><div class=\"special-heading-border\"><div class=\"special-heading-inner-border\"><\/div><\/div><\/div><\/p><\/div>\n<style type=\"text\/css\" data-created_by=\"avia_inline_auto\" id=\"style-css-av-iv68n-c7f017abd0669d3cfae2714dfe821025\">\n.flex_column.av-iv68n-c7f017abd0669d3cfae2714dfe821025{\nborder-radius:0px 0px 0px 0px;\npadding:0px 0px 0px 0px;\n}\n<\/style>\n<div  class='flex_column av-iv68n-c7f017abd0669d3cfae2714dfe821025 av_one_third  avia-builder-el-23  el_after_av_one_third  el_before_av_one_third  flex_column_div av-zero-column-padding  column-top-margin'     ><p>\n<style type=\"text\/css\" data-created_by=\"avia_inline_auto\" id=\"style-css-av-gidrr-13270c4978efe57f0394a30cb9e763e6\">\n.avia-image-container.av-gidrr-13270c4978efe57f0394a30cb9e763e6 img.avia_image{\nbox-shadow:none;\n}\n.avia-image-container.av-gidrr-13270c4978efe57f0394a30cb9e763e6 .av-image-caption-overlay-center{\ncolor:#ffffff;\n}\n<\/style>\n<div  class='avia-image-container av-gidrr-13270c4978efe57f0394a30cb9e763e6 av-styling-circle avia-align-center  avia-builder-el-24  el_before_av_heading  avia-builder-el-first '  ><div class=\"avia-image-container-inner\"><div class=\"avia-image-overlay-wrap\"><img class='avia_image ' src='https:\/\/www.54eleven.com\/wp-content\/uploads\/2024\/11\/mauro-294x300.jpeg' alt='' title='Mauro'  height=\"300\" width=\"294\"  \/><\/div><\/div><\/div><br \/>\n\n<style type=\"text\/css\" data-created_by=\"avia_inline_auto\" id=\"style-css-av-7fh93-16b6f07b616545be717fe76cd00e57d5\">\n#top .av-special-heading.av-7fh93-16b6f07b616545be717fe76cd00e57d5{\npadding-bottom:10px;\n}\nbody .av-special-heading.av-7fh93-16b6f07b616545be717fe76cd00e57d5 .av-special-heading-tag .heading-char{\nfont-size:25px;\n}\n.av-special-heading.av-7fh93-16b6f07b616545be717fe76cd00e57d5 .av-subheading{\nfont-size:15px;\n}\n<\/style>\n<div  class='av-special-heading av-7fh93-16b6f07b616545be717fe76cd00e57d5 av-special-heading-h3 blockquote elegant-quote elegant-centered  avia-builder-el-25  el_after_av_image  avia-builder-el-last  av-linked-heading'><h3 class='av-special-heading-tag '  ><span class=\"heading-wrap\">MAURO<\/span><\/h3><div class=\"special-heading-border\"><div class=\"special-heading-inner-border\"><\/div><\/div><\/div><\/p><\/div>\n<style type=\"text\/css\" data-created_by=\"avia_inline_auto\" id=\"style-css-av-8pfkn-cbc19abd7c8d7521cc69d4702ce3bcb1\">\n.flex_column.av-8pfkn-cbc19abd7c8d7521cc69d4702ce3bcb1{\nborder-radius:0px 0px 0px 0px;\npadding:0px 0px 0px 0px;\n}\n<\/style>\n<div  class='flex_column av-8pfkn-cbc19abd7c8d7521cc69d4702ce3bcb1 av_one_third  avia-builder-el-26  el_after_av_one_third  avia-builder-el-last  flex_column_div av-zero-column-padding  column-top-margin'     ><p>\n<style type=\"text\/css\" data-created_by=\"avia_inline_auto\" id=\"style-css-av-m3w0917i-dbd89ac6ee27278d8b6fa208c3cf031c\">\n.avia-image-container.av-m3w0917i-dbd89ac6ee27278d8b6fa208c3cf031c img.avia_image{\nbox-shadow:none;\n}\n.avia-image-container.av-m3w0917i-dbd89ac6ee27278d8b6fa208c3cf031c .av-image-caption-overlay-center{\ncolor:#ffffff;\n}\n<\/style>\n<div  class='avia-image-container av-m3w0917i-dbd89ac6ee27278d8b6fa208c3cf031c av-styling-circle avia-align-center  avia-builder-el-27  el_before_av_heading  avia-builder-el-first '  ><div class=\"avia-image-container-inner\"><div class=\"avia-image-overlay-wrap\"><img class='avia_image ' src='https:\/\/www.54eleven.com\/wp-content\/uploads\/2024\/11\/simon-226x300.jpeg' alt='' title='Simon'  height=\"300\" width=\"226\"  \/><\/div><\/div><\/div><br \/>\n\n<style type=\"text\/css\" data-created_by=\"avia_inline_auto\" id=\"style-css-av-m3w0953z-f878ac9fa8251a7e396afad4ac319c63\">\n#top .av-special-heading.av-m3w0953z-f878ac9fa8251a7e396afad4ac319c63{\npadding-bottom:10px;\n}\nbody .av-special-heading.av-m3w0953z-f878ac9fa8251a7e396afad4ac319c63 .av-special-heading-tag .heading-char{\nfont-size:25px;\n}\n.av-special-heading.av-m3w0953z-f878ac9fa8251a7e396afad4ac319c63 .av-subheading{\nfont-size:15px;\n}\n<\/style>\n<div  class='av-special-heading av-m3w0953z-f878ac9fa8251a7e396afad4ac319c63 av-special-heading-h3 blockquote elegant-quote elegant-centered  avia-builder-el-28  el_after_av_image  avia-builder-el-last  av-linked-heading'><h3 class='av-special-heading-tag '  ><span class=\"heading-wrap\">SIMON<\/span><\/h3><div class=\"special-heading-border\"><div class=\"special-heading-inner-border\"><\/div><\/div><\/div><\/p><\/div><\/p>\n","protected":false},"excerpt":{"rendered":"","protected":false},"author":3,"featured_media":0,"parent":0,"menu_order":90,"comment_status":"closed","ping_status":"closed","template":"","meta":{"_seopress_robots_primary_cat":"","_seopress_titles_title":"Bezkonkuren\u010dn\u00ed servisn\u00ed t\u00fdm - 54\/11 dovolen\u00e1 na kole","_seopress_titles_desc":"Pokud chcete v cyklistice pat\u0159it mezi nejlep\u0161\u00ed, pot\u0159ebujete vynikaj\u00edc\u00ed t\u00fdm! Chceme v\u00e1m dop\u0159\u00e1t nezapomenuteln\u00e9 chv\u00edle na kole, a to je mo\u017en\u00e9 jen se z\u00e1bavou a pracovn\u00edm nasazen\u00edm.","_seopress_robots_index":"","footnotes":""},"class_list":["post-7807","page","type-page","status-publish","hentry"],"_links":{"self":[{"href":"https:\/\/www.54eleven.com\/cs\/wp-json\/wp\/v2\/pages\/7807","targetHints":{"allow":["GET"]}}],"collection":[{"href":"https:\/\/www.54eleven.com\/cs\/wp-json\/wp\/v2\/pages"}],"about":[{"href":"https:\/\/www.54eleven.com\/cs\/wp-json\/wp\/v2\/types\/page"}],"author":[{"embeddable":true,"href":"https:\/\/www.54eleven.com\/cs\/wp-json\/wp\/v2\/users\/3"}],"replies":[{"embeddable":true,"href":"https:\/\/www.54eleven.com\/cs\/wp-json\/wp\/v2\/comments?post=7807"}],"version-history":[{"count":0,"href":"https:\/\/www.54eleven.com\/cs\/wp-json\/wp\/v2\/pages\/7807\/revisions"}],"wp:attachment":[{"href":"https:\/\/www.54eleven.com\/cs\/wp-json\/wp\/v2\/media?parent=7807"}],"curies":[{"name":"wp","href":"https:\/\/api.w.org\/{rel}","templated":true}]}}